{"id":17,"date":"2018-05-16T15:03:33","date_gmt":"2018-05-16T13:03:33","guid":{"rendered":"https:\/\/ardegardskog.se\/?page_id=17"},"modified":"2020-10-23T15:44:19","modified_gmt":"2020-10-23T13:44:19","slug":"om-oss","status":"publish","type":"page","link":"https:\/\/ardegardskog.se\/index.php\/om-oss\/","title":{"rendered":"Om oss"},"content":{"rendered":"\n<figure class=\"wp-block-image size-large is-style-default\"><img loading=\"lazy\" decoding=\"async\" width=\"180\" height=\"52\" src=\"http:\/\/media.ardegardskog.se\/2018\/08\/ardelogo.jpg\" alt=\"\" class=\"wp-image-67\"\/><figcaption>Ardeg\u00e5rd Skogsr\u00e5dgivning AB utf\u00f6r<\/figcaption><\/figure>\n\n\n<p>\u00a0<\/p>\n<p><strong>Rotpost och Rotpostst\u00e4mpling<\/strong><br \/>Skapa ett bra f\u00f6rs\u00e4ljningsunderlag f\u00f6r din avverkning<\/p>\n<p><strong>R\u00e5dgivning<br \/><\/strong>Skogsr\u00e5dgivning f\u00f6r din fastighet med fokus p\u00e5 b\u00e4sta ekonomiska utfall f\u00f6r dig som kund<\/p>\n<p><strong>F\u00f6rvaltning<\/strong><br \/>Skr\u00e4ddarsydd hantering enligt kundens \u00f6nskem\u00e5l<\/p>\n<p><strong>Utbildning<\/strong><br \/>Motor- och r\u00f6js\u00e5gsutbildning enligt s\u00e4kerskog<\/p>\n<p><strong>Konsultation vid virkesf\u00f6rs\u00e4ljning och<\/strong> <strong>upphandling<\/strong><br \/>Kunden i fokus, du maximerar dina skogliga int\u00e4kter<\/p>\n<p><em>\u00d6vriga skogliga \u00e4renden g\u00e5r alltid att diskutera<\/em><\/p>\n<p>\u00a0<\/p>","protected":false},"excerpt":{"rendered":"<p>\u00a0 Rotpost och Rotpostst\u00e4mplingSkapa ett bra f\u00f6rs\u00e4ljningsunderlag f\u00f6r din avverkning R\u00e5dgivningSkogsr\u00e5dgivning f\u00f6r din fastighet med fokus p\u00e5 b\u00e4sta ekonomiska utfall f\u00f6r dig som kund F\u00f6rvaltningSkr\u00e4ddarsydd hantering enligt kundens \u00f6nskem\u00e5l UtbildningMotor- och r\u00f6js\u00e5gsutbildning enligt s\u00e4kerskog Konsultation vid virkesf\u00f6rs\u00e4ljning och upphandlingKunden i fokus, du maximerar dina skogliga int\u00e4kter \u00d6vriga skogliga \u00e4renden g\u00e5r alltid att diskutera \u00a0<\/p>\n","protected":false},"author":1,"featured_media":0,"parent":0,"menu_order":0,"comment_status":"closed","ping_status":"closed","template":"","meta":{"_monsterinsights_skip_tracking":false,"_monsterinsights_sitenote_active":false,"_monsterinsights_sitenote_note":"","_monsterinsights_sitenote_category":0,"site-sidebar-layout":"default","site-content-layout":"default","ast-site-content-layout":"default","site-content-style":"default","site-sidebar-style":"default","ast-global-header-display":"","ast-banner-title-visibility":"","ast-main-header-display":"","ast-hfb-above-header-display":"","ast-hfb-below-header-display":"","ast-hfb-mobile-header-display":"","site-post-title":"","ast-breadcrumbs-content":"","ast-featured-img":"","footer-sml-layout":"","ast-disable-related-posts":"","theme-transparent-header-meta":"default","adv-header-id-meta":"","stick-header-meta":"","header-above-stick-meta":"","header-main-stick-meta":"","header-below-stick-meta":"","astra-migrate-meta-layouts":"default","ast-page-background-enabled":"default","ast-page-background-meta":{"desktop":{"background-color":"","background-image":"","background-repeat":"repeat","background-position":"center center","background-size":"auto","background-attachment":"scroll","background-type":"","background-media":"","overlay-type":"","overlay-color":"","overlay-opacity":"","overlay-gradient":""},"tablet":{"background-color":"","background-image":"","background-repeat":"repeat","background-position":"center center","background-size":"auto","background-attachment":"scroll","background-type":"","background-media":"","overlay-type":"","overlay-color":"","overlay-opacity":"","overlay-gradient":""},"mobile":{"background-color":"","background-image":"","background-repeat":"repeat","background-position":"center center","background-size":"auto","background-attachment":"scroll","background-type":"","background-media":"","overlay-type":"","overlay-color":"","overlay-opacity":"","overlay-gradient":""}},"ast-content-background-meta":{"desktop":{"background-color":"var(--ast-global-color-5)","background-image":"","background-repeat":"repeat","background-position":"center center","background-size":"auto","background-attachment":"scroll","background-type":"","background-media":"","overlay-type":"","overlay-color":"","overlay-opacity":"","overlay-gradient":""},"tablet":{"background-color":"var(--ast-global-color-5)","background-image":"","background-repeat":"repeat","background-position":"center center","background-size":"auto","background-attachment":"scroll","background-type":"","background-media":"","overlay-type":"","overlay-color":"","overlay-opacity":"","overlay-gradient":""},"mobile":{"background-color":"var(--ast-global-color-5)","background-image":"","background-repeat":"repeat","background-position":"center center","background-size":"auto","background-attachment":"scroll","background-type":"","background-media":"","overlay-type":"","overlay-color":"","overlay-opacity":"","overlay-gradient":""}},"footnotes":""},"class_list":["post-17","page","type-page","status-publish","hentry"],"_links":{"self":[{"href":"https:\/\/ardegardskog.se\/index.php\/wp-json\/wp\/v2\/pages\/17","targetHints":{"allow":["GET"]}}],"collection":[{"href":"https:\/\/ardegardskog.se\/index.php\/wp-json\/wp\/v2\/pages"}],"about":[{"href":"https:\/\/ardegardskog.se\/index.php\/wp-json\/wp\/v2\/types\/page"}],"author":[{"embeddable":true,"href":"https:\/\/ardegardskog.se\/index.php\/wp-json\/wp\/v2\/users\/1"}],"replies":[{"embeddable":true,"href":"https:\/\/ardegardskog.se\/index.php\/wp-json\/wp\/v2\/comments?post=17"}],"version-history":[{"count":5,"href":"https:\/\/ardegardskog.se\/index.php\/wp-json\/wp\/v2\/pages\/17\/revisions"}],"predecessor-version":[{"id":88,"href":"https:\/\/ardegardskog.se\/index.php\/wp-json\/wp\/v2\/pages\/17\/revisions\/88"}],"wp:attachment":[{"href":"https:\/\/ardegardskog.se\/index.php\/wp-json\/wp\/v2\/media?parent=17"}],"curies":[{"name":"wp","href":"https:\/\/api.w.org\/{rel}","templated":true}]}}